{"id":7,"date":"2020-12-05T12:13:04","date_gmt":"2020-12-05T11:13:04","guid":{"rendered":"http:\/\/ssr.org.pl\/?page_id=7"},"modified":"2020-12-08T10:57:11","modified_gmt":"2020-12-08T09:57:11","slug":"o-nas","status":"publish","type":"page","link":"https:\/\/ssr.org.pl\/index.php\/o-nas\/","title":{"rendered":"O nas"},"content":{"rendered":"\n<p>Cz\u0142onkowie Stowarzyszenia to zar\u00f3wno osoby z ogromnym do\u015bwiadczeniem w wytwarzaniu ser\u00f3w, jak serowarzy rozpoczynaj\u0105cy swoj\u0105 przygod\u0119 z przetwarzaniem mleka.<\/p>\n\n\n\n<div class=\"wp-block-image\"><figure class=\"aligncenter size-large\"><img decoding=\"async\" loading=\"lazy\" width=\"640\" height=\"359\" src=\"https:\/\/ssr.org.pl\/wp-content\/uploads\/2020\/12\/cheese-3373604_640.jpg\" alt=\"\" class=\"wp-image-54\" srcset=\"https:\/\/ssr.org.pl\/wp-content\/uploads\/2020\/12\/cheese-3373604_640.jpg 640w, https:\/\/ssr.org.pl\/wp-content\/uploads\/2020\/12\/cheese-3373604_640-300x168.jpg 300w\" sizes=\"(max-width: 640px) 100vw, 640px\" \/><\/figure><\/div>\n\n\n\n<p><strong>Celem Stowarzyszenia jest:<\/strong><br>&#8211; Skupienie producent\u00f3w zajmuj\u0105cych si\u0119 rzemie\u015blniczym przetwarzaniem mleka na produkty spo\u017cywcze.<br>&#8211; Podnoszenia poziomu wiedzy fachowej w\u015br\u00f3d cz\u0142onk\u00f3w.<br>&#8211; Kszta\u0142towanie etyki zawodowej cz\u0142onk\u00f3w.<br>&#8211; Podnoszenie \u015bwiadomo\u015bci konsumenckiej klient\u00f3w.<br>&#8211; Kszta\u0142towanie postaw prozdrowotnych i nawyk\u00f3w \u017cywieniowych.<\/p>\n\n\n\n<p>Powy\u017csze cele Stowarzyszenie realizuje, przy zachowaniu bezstronno\u015bci oraz bez jakiejkolwiek dyskryminacji, zw\u0142aszcza z powodu narodowo\u015bci, rasy, p\u0142ci, religii lub pogl\u0105d\u00f3w politycznych.<\/p>\n\n\n\n<p>Dla osi\u0105gni\u0119cia tego celu Stowarzyszenie:<br>&#8211; organizuje spotkania bran\u017cowe,<br>&#8211; prowadzi szkolenia dla cz\u0142onk\u00f3w,<br>&#8211; wydaje materia\u0142y szkoleniowe i informacyjne,<br>&#8211; wsp\u00f3\u0142pracuje z instytucjami naukowo-badawczymi w realizacji projekt\u00f3w szkoleniowo-badawczych,<br>&#8211; dba o zachowanie tradycyjnych receptur i metod produkcji,<br>&#8211; realizuje inne zadania zgodne z celami Stowarzyszenia.<\/p>\n\n\n\n<p><\/p>\n\n\n\n<p><\/p>\n\n\n\n<p><\/p>\n","protected":false},"excerpt":{"rendered":"<p>Cz\u0142onkowie Stowarzyszenia to zar\u00f3wno osoby z ogromnym do\u015bwiadczeniem w wytwarzaniu ser\u00f3w, jak serowarzy rozpoczynaj\u0105cy swoj\u0105 przygod\u0119 z przetwarzaniem mleka. Celem Stowarzyszenia jest:&#8211; Skupienie producent\u00f3w zajmuj\u0105cych si\u0119 rzemie\u015blniczym przetwarzaniem mleka na produkty spo\u017cywcze.&#8211; Podnoszenia poziomu wiedzy fachowej w\u015br\u00f3d cz\u0142onk\u00f3w.&#8211; Kszta\u0142towanie etyki zawodowej cz\u0142onk\u00f3w.&#8211; Podnoszenie \u015bwiadomo\u015bci konsumenckiej klient\u00f3w.&#8211; Kszta\u0142towanie postaw prozdrowotnych i nawyk\u00f3w \u017cywieniowych. Powy\u017csze cele Stowarzyszenie [&hellip;]<\/p>\n","protected":false},"author":1,"featured_media":0,"parent":0,"menu_order":0,"comment_status":"closed","ping_status":"closed","template":"templates\/template-full-width.php","meta":[],"_links":{"self":[{"href":"https:\/\/ssr.org.pl\/index.php\/wp-json\/wp\/v2\/pages\/7"}],"collection":[{"href":"https:\/\/ssr.org.pl\/index.php\/wp-json\/wp\/v2\/pages"}],"about":[{"href":"https:\/\/ssr.org.pl\/index.php\/wp-json\/wp\/v2\/types\/page"}],"author":[{"embeddable":true,"href":"https:\/\/ssr.org.pl\/index.php\/wp-json\/wp\/v2\/users\/1"}],"replies":[{"embeddable":true,"href":"https:\/\/ssr.org.pl\/index.php\/wp-json\/wp\/v2\/comments?post=7"}],"version-history":[{"count":7,"href":"https:\/\/ssr.org.pl\/index.php\/wp-json\/wp\/v2\/pages\/7\/revisions"}],"predecessor-version":[{"id":56,"href":"https:\/\/ssr.org.pl\/index.php\/wp-json\/wp\/v2\/pages\/7\/revisions\/56"}],"wp:attachment":[{"href":"https:\/\/ssr.org.pl\/index.php\/wp-json\/wp\/v2\/media?parent=7"}],"curies":[{"name":"wp","href":"https:\/\/api.w.org\/{rel}","templated":true}]}}